{"id":1952,"date":"2019-05-14T09:32:13","date_gmt":"2019-05-14T07:32:13","guid":{"rendered":"http:\/\/dest.kosiceregion.com\/sk\/?page_id=1952"},"modified":"2023-09-29T11:25:21","modified_gmt":"2023-09-29T09:25:21","slug":"","status":"publish","type":"page","link":"https:\/\/www.kosiceregion.com\/es\/get-inspired\/","title":{"rendered":"","raw":""},"content":{"rendered":"","protected":false,"raw":""},"excerpt":{"rendered":"","protected":false,"raw":""},"author":1,"featured_media":0,"parent":0,"menu_order":0,"comment_status":"closed","ping_status":"closed","template":"","meta":{"_acf_changed":false,"_sk_post_content":"","_sk_post_name":"get-inspired","_sk_post_excerpt":"","_sk_post_title":"In\u0161pir\u00e1cie","_en_post_content":"","_en_post_name":"","_en_post_excerpt":"","_en_post_title":"Inspirations","_hu_post_content":"","_hu_post_name":"","_hu_post_excerpt":"","_hu_post_title":"Inspir\u00e1ci\u00f3k","_es_post_content":"","_es_post_name":"","_es_post_excerpt":"","_es_post_title":"","_de_post_content":"","_de_post_name":"","_de_post_excerpt":"","_de_post_title":"Inspirationen","_pl_post_content":"","_pl_post_name":"","_pl_post_excerpt":"","_pl_post_title":"Inspiracje","_it_post_content":"","_it_post_name":"","_it_post_excerpt":"","_it_post_title":"","edit_language":"es","footnotes":""},"categories":[],"tags":[],"class_list":["post-1952","page","type-page","status-publish","hentry"],"acf":[],"yoast_head":"<!-- This site is optimized with the Yoast SEO Premium plugin v25.5 (Yoast SEO v27.4) - https:\/\/yoast.com\/product\/yoast-seo-premium-wordpress\/ -->\n<title>Ko\u0161ice Regi\u00f3n<\/title>\n<meta name=\"description\" content=\"Nechajte sa in\u0161pirova\u0165 na\u0161imi tipmi na v\u00fdlety. Otvorte si svoj bucket list a za\u010dnite si plni\u0165 svoje cestovate\u013esk\u00e9 tasky\" \/>\n<meta name=\"robots\" content=\"index, follow, max-snippet:-1, max-image-preview:large, max-video-preview:-1\" \/>\n<link rel=\"canonical\" href=\"https:\/\/www.kosiceregion.com\/sk\/get-inspired\/\" \/>\n<meta property=\"og:locale\" content=\"es_ES\" \/>\n<meta property=\"og:type\" content=\"article\" \/>\n<meta property=\"og:title\" content=\"In\u0161pir\u00e1cie na v\u00fdlety na Kraji sveta\" \/>\n<meta property=\"og:description\" content=\"Nechajte sa in\u0161pirova\u0165 na\u0161imi tipmi na v\u00fdlety. Otvorte si svoj bucket list a za\u010dnite si plni\u0165 svoje cestovate\u013esk\u00e9 tasky\" \/>\n<meta property=\"og:url\" content=\"https:\/\/www.kosiceregion.com\/es\/wp-json\/wp\/v2\/pages\/1952\" \/>\n<meta property=\"og:site_name\" content=\"Ko\u0161ice Regi\u00f3n\" \/>\n<meta property=\"article:publisher\" content=\"https:\/\/www.facebook.com\/kosiceregion\" \/>\n<meta property=\"article:modified_time\" content=\"2023-09-29T09:25:21+00:00\" \/>\n<meta property=\"og:image\" content=\"https:\/\/www.kosiceregion.com\/wp-content\/uploads\/2023\/09\/Haravara-pribehove-ilustracie-FB-15.jpg\" \/>\n\t<meta property=\"og:image:width\" content=\"1200\" \/>\n\t<meta property=\"og:image:height\" content=\"628\" \/>\n\t<meta property=\"og:image:type\" content=\"image\/jpeg\" \/>\n<meta name=\"twitter:card\" content=\"summary_large_image\" \/>\n<meta name=\"twitter:title\" content=\"In\u0161pir\u00e1cie\" \/>\n<meta name=\"twitter:site\" content=\"@KOSICEREGION\" \/>\n<script type=\"application\/ld+json\" class=\"yoast-schema-graph\">{\"@context\":\"https:\\\/\\\/schema.org\",\"@graph\":[{\"@type\":\"WebPage\",\"@id\":\"https:\\\/\\\/www.kosiceregion.com\\\/sk\\\/get-inspired\\\/\",\"url\":\"https:\\\/\\\/www.kosiceregion.com\\\/sk\\\/get-inspired\\\/\",\"name\":\"In\u0161pir\u00e1cie na v\u00fdlety - Ko\u0161ice Regi\u00f3n\",\"isPartOf\":{\"@id\":\"https:\\\/\\\/www.kosiceregion.com\\\/#website\"},\"datePublished\":\"2019-05-14T07:32:13+00:00\",\"dateModified\":\"2023-09-29T09:25:21+00:00\",\"description\":\"Nechajte sa in\u0161pirova\u0165 na\u0161imi tipmi na v\u00fdlety. Otvorte si svoj bucket list a za\u010dnite si plni\u0165 svoje cestovate\u013esk\u00e9 tasky\",\"breadcrumb\":{\"@id\":\"https:\\\/\\\/www.kosiceregion.com\\\/sk\\\/get-inspired\\\/#breadcrumb\"},\"inLanguage\":\"es-ES\",\"potentialAction\":[{\"@type\":\"ReadAction\",\"target\":[\"https:\\\/\\\/www.kosiceregion.com\\\/sk\\\/get-inspired\\\/\"]}]},{\"@type\":\"BreadcrumbList\",\"@id\":\"https:\\\/\\\/www.kosiceregion.com\\\/sk\\\/get-inspired\\\/#breadcrumb\",\"itemListElement\":[{\"@type\":\"ListItem\",\"position\":1,\"name\":\"Home\",\"item\":\"https:\\\/\\\/www.kosiceregion.com\\\/sk\\\/\"},{\"@type\":\"ListItem\",\"position\":2,\"name\":\"In\u0161pir\u00e1cie\"}]},{\"@type\":\"WebSite\",\"@id\":\"https:\\\/\\\/www.kosiceregion.com\\\/#website\",\"url\":\"https:\\\/\\\/www.kosiceregion.com\\\/\",\"name\":\"Ko\u0161ice Regi\u00f3n\",\"description\":\"Turistick\u00fd sprievodca Ko\u0161ick\u00fdm krajom\",\"publisher\":{\"@id\":\"https:\\\/\\\/www.kosiceregion.com\\\/#organization\"},\"potentialAction\":[{\"@type\":\"SearchAction\",\"target\":{\"@type\":\"EntryPoint\",\"urlTemplate\":\"https:\\\/\\\/www.kosiceregion.com\\\/?s={search_term_string}\"},\"query-input\":{\"@type\":\"PropertyValueSpecification\",\"valueRequired\":true,\"valueName\":\"search_term_string\"}}],\"inLanguage\":\"es-ES\"},{\"@type\":\"Organization\",\"@id\":\"https:\\\/\\\/www.kosiceregion.com\\\/#organization\",\"name\":\"Ko\u0161ice Regi\u00f3n Turizmus\",\"url\":\"https:\\\/\\\/www.kosiceregion.com\\\/\",\"logo\":{\"@type\":\"ImageObject\",\"inLanguage\":\"es-ES\",\"@id\":\"https:\\\/\\\/www.kosiceregion.com\\\/#\\\/schema\\\/logo\\\/image\\\/\",\"url\":\"https:\\\/\\\/www.kosiceregion.com\\\/wp-content\\\/uploads\\\/2019\\\/03\\\/logo-web-sk.png\",\"contentUrl\":\"https:\\\/\\\/www.kosiceregion.com\\\/wp-content\\\/uploads\\\/2019\\\/03\\\/logo-web-sk.png\",\"width\":225,\"height\":100,\"caption\":\"Ko\u0161ice Regi\u00f3n Turizmus\"},\"image\":{\"@id\":\"https:\\\/\\\/www.kosiceregion.com\\\/#\\\/schema\\\/logo\\\/image\\\/\"},\"sameAs\":[\"https:\\\/\\\/www.facebook.com\\\/kosiceregion\",\"https:\\\/\\\/x.com\\\/KOSICEREGION\",\"https:\\\/\\\/www.instagram.com\\\/kosiceregion\",\"https:\\\/\\\/www.youtube.com\\\/kosiceregion\"]}]}<\/script>\n<!-- \/ Yoast SEO Premium plugin. -->","yoast_head_json":{"title":"Ko\u0161ice Regi\u00f3n","description":"Nechajte sa in\u0161pirova\u0165 na\u0161imi tipmi na v\u00fdlety. Otvorte si svoj bucket list a za\u010dnite si plni\u0165 svoje cestovate\u013esk\u00e9 tasky","robots":{"index":"index","follow":"follow","max-snippet":"max-snippet:-1","max-image-preview":"max-image-preview:large","max-video-preview":"max-video-preview:-1"},"canonical":"https:\/\/www.kosiceregion.com\/sk\/get-inspired\/","og_locale":"es_ES","og_type":"article","og_title":"In\u0161pir\u00e1cie na v\u00fdlety na Kraji sveta","og_description":"Nechajte sa in\u0161pirova\u0165 na\u0161imi tipmi na v\u00fdlety. Otvorte si svoj bucket list a za\u010dnite si plni\u0165 svoje cestovate\u013esk\u00e9 tasky","og_url":"https:\/\/www.kosiceregion.com\/es\/wp-json\/wp\/v2\/pages\/1952","og_site_name":"Ko\u0161ice Regi\u00f3n","article_publisher":"https:\/\/www.facebook.com\/kosiceregion","article_modified_time":"2023-09-29T09:25:21+00:00","og_image":[{"width":1200,"height":628,"url":"https:\/\/www.kosiceregion.com\/wp-content\/uploads\/2023\/09\/Haravara-pribehove-ilustracie-FB-15.jpg","type":"image\/jpeg"}],"twitter_card":"summary_large_image","twitter_title":"In\u0161pir\u00e1cie","twitter_site":"@KOSICEREGION","schema":{"@context":"https:\/\/schema.org","@graph":[{"@type":"WebPage","@id":"https:\/\/www.kosiceregion.com\/sk\/get-inspired\/","url":"https:\/\/www.kosiceregion.com\/sk\/get-inspired\/","name":"In\u0161pir\u00e1cie na v\u00fdlety - Ko\u0161ice Regi\u00f3n","isPartOf":{"@id":"https:\/\/www.kosiceregion.com\/#website"},"datePublished":"2019-05-14T07:32:13+00:00","dateModified":"2023-09-29T09:25:21+00:00","description":"Nechajte sa in\u0161pirova\u0165 na\u0161imi tipmi na v\u00fdlety. Otvorte si svoj bucket list a za\u010dnite si plni\u0165 svoje cestovate\u013esk\u00e9 tasky","breadcrumb":{"@id":"https:\/\/www.kosiceregion.com\/sk\/get-inspired\/#breadcrumb"},"inLanguage":"es-ES","potentialAction":[{"@type":"ReadAction","target":["https:\/\/www.kosiceregion.com\/sk\/get-inspired\/"]}]},{"@type":"BreadcrumbList","@id":"https:\/\/www.kosiceregion.com\/sk\/get-inspired\/#breadcrumb","itemListElement":[{"@type":"ListItem","position":1,"name":"Home","item":"https:\/\/www.kosiceregion.com\/sk\/"},{"@type":"ListItem","position":2,"name":"In\u0161pir\u00e1cie"}]},{"@type":"WebSite","@id":"https:\/\/www.kosiceregion.com\/#website","url":"https:\/\/www.kosiceregion.com\/","name":"Ko\u0161ice Regi\u00f3n","description":"Turistick\u00fd sprievodca Ko\u0161ick\u00fdm krajom","publisher":{"@id":"https:\/\/www.kosiceregion.com\/#organization"},"potentialAction":[{"@type":"SearchAction","target":{"@type":"EntryPoint","urlTemplate":"https:\/\/www.kosiceregion.com\/?s={search_term_string}"},"query-input":{"@type":"PropertyValueSpecification","valueRequired":true,"valueName":"search_term_string"}}],"inLanguage":"es-ES"},{"@type":"Organization","@id":"https:\/\/www.kosiceregion.com\/#organization","name":"Ko\u0161ice Regi\u00f3n Turizmus","url":"https:\/\/www.kosiceregion.com\/","logo":{"@type":"ImageObject","inLanguage":"es-ES","@id":"https:\/\/www.kosiceregion.com\/#\/schema\/logo\/image\/","url":"https:\/\/www.kosiceregion.com\/wp-content\/uploads\/2019\/03\/logo-web-sk.png","contentUrl":"https:\/\/www.kosiceregion.com\/wp-content\/uploads\/2019\/03\/logo-web-sk.png","width":225,"height":100,"caption":"Ko\u0161ice Regi\u00f3n Turizmus"},"image":{"@id":"https:\/\/www.kosiceregion.com\/#\/schema\/logo\/image\/"},"sameAs":["https:\/\/www.facebook.com\/kosiceregion","https:\/\/x.com\/KOSICEREGION","https:\/\/www.instagram.com\/kosiceregion","https:\/\/www.youtube.com\/kosiceregion"]}]}},"_links":{"self":[{"href":"https:\/\/www.kosiceregion.com\/es\/wp-json\/wp\/v2\/pages\/1952","targetHints":{"allow":["GET"]}}],"collection":[{"href":"https:\/\/www.kosiceregion.com\/es\/wp-json\/wp\/v2\/pages"}],"about":[{"href":"https:\/\/www.kosiceregion.com\/es\/wp-json\/wp\/v2\/types\/page"}],"author":[{"embeddable":true,"href":"https:\/\/www.kosiceregion.com\/es\/wp-json\/wp\/v2\/users\/1"}],"replies":[{"embeddable":true,"href":"https:\/\/www.kosiceregion.com\/es\/wp-json\/wp\/v2\/comments?post=1952"}],"version-history":[{"count":3,"href":"https:\/\/www.kosiceregion.com\/es\/wp-json\/wp\/v2\/pages\/1952\/revisions"}],"predecessor-version":[{"id":9706,"href":"https:\/\/www.kosiceregion.com\/es\/wp-json\/wp\/v2\/pages\/1952\/revisions\/9706"}],"wp:attachment":[{"href":"https:\/\/www.kosiceregion.com\/es\/wp-json\/wp\/v2\/media?parent=1952"}],"wp:term":[{"taxonomy":"category","embeddable":true,"href":"https:\/\/www.kosiceregion.com\/es\/wp-json\/wp\/v2\/categories?post=1952"},{"taxonomy":"post_tag","embeddable":true,"href":"https:\/\/www.kosiceregion.com\/es\/wp-json\/wp\/v2\/tags?post=1952"}],"curies":[{"name":"wp","href":"https:\/\/api.w.org\/{rel}","templated":true}]}}