{"id":8177,"date":"2021-12-07T21:02:47","date_gmt":"2021-12-07T20:02:47","guid":{"rendered":"https:\/\/www.kosiceregion.com\/sk\/?page_id=8177"},"modified":"2022-05-06T20:33:32","modified_gmt":"2022-05-06T18:33:32","slug":"","status":"publish","type":"page","link":"https:\/\/www.kosiceregion.com\/hu\/nedotknute-tradicie-a-remesla\/","title":{"rendered":"\u00c9rintetlen hagyom\u00e1nyok \u00e9s mesters\u00e9gek ","raw":"\u00c9rintetlen hagyom\u00e1nyok \u00e9s mesters\u00e9gek "},"content":{"rendered":"","protected":false,"raw":""},"excerpt":{"rendered":"","protected":false,"raw":""},"author":1,"featured_media":0,"parent":0,"menu_order":0,"comment_status":"closed","ping_status":"closed","template":"page-templates\/template-topic-group.php","meta":{"_acf_changed":false,"_sk_post_content":"","_sk_post_name":"nedotknute-tradicie-a-remesla","_sk_post_excerpt":"","_sk_post_title":"Nedotknut\u00e9 trad\u00edcie a remesl\u00e1","_en_post_content":"","_en_post_name":"","_en_post_excerpt":"","_en_post_title":"","_hu_post_content":"","_hu_post_name":"","_hu_post_excerpt":"","_hu_post_title":"\u00c9rintetlen hagyom\u00e1nyok \u00e9s mesters\u00e9gek ","_es_post_content":"","_es_post_name":"","_es_post_excerpt":"","_es_post_title":"","_de_post_content":"","_de_post_name":"","_de_post_excerpt":"","_de_post_title":"","_pl_post_content":"","_pl_post_name":"","_pl_post_excerpt":"","_pl_post_title":"","_it_post_content":"","_it_post_name":"","_it_post_excerpt":"","_it_post_title":"","edit_language":"hu","footnotes":""},"categories":[],"tags":[],"class_list":["post-8177","page","type-page","status-publish","hentry"],"acf":[],"yoast_head":"<!-- This site is optimized with the Yoast SEO Premium plugin v25.5 (Yoast SEO v27.4) - https:\/\/yoast.com\/product\/yoast-seo-premium-wordpress\/ -->\n<title>Ko\u0161ice Regi\u00f3n<\/title>\n<meta name=\"robots\" content=\"index, follow, max-snippet:-1, max-image-preview:large, max-video-preview:-1\" \/>\n<link rel=\"canonical\" href=\"https:\/\/www.kosiceregion.com\/sk\/nedotknute-tradicie-a-remesla\/\" \/>\n<meta property=\"og:locale\" content=\"hu_HU\" \/>\n<meta property=\"og:type\" content=\"article\" \/>\n<meta property=\"og:title\" content=\"Nedotknut\u00e9 trad\u00edcie a remesl\u00e1\" \/>\n<meta property=\"og:url\" content=\"https:\/\/www.kosiceregion.com\/hu\/wp-json\/wp\/v2\/pages\/8177\" \/>\n<meta property=\"og:site_name\" content=\"Ko\u0161ice Regi\u00f3n\" \/>\n<meta property=\"article:publisher\" content=\"https:\/\/www.facebook.com\/kosiceregion\" \/>\n<meta property=\"article:modified_time\" content=\"2022-05-06T18:33:32+00:00\" \/>\n<meta property=\"og:image\" content=\"https:\/\/www.kosiceregion.com\/wp-content\/uploads\/2019\/03\/logo-web-sk.png\" \/>\n\t<meta property=\"og:image:width\" content=\"225\" \/>\n\t<meta property=\"og:image:height\" content=\"100\" \/>\n\t<meta property=\"og:image:type\" content=\"image\/png\" \/>\n<meta name=\"twitter:card\" content=\"summary_large_image\" \/>\n<meta name=\"twitter:site\" content=\"@KOSICEREGION\" \/>\n<script type=\"application\/ld+json\" class=\"yoast-schema-graph\">{\"@context\":\"https:\\\/\\\/schema.org\",\"@graph\":[{\"@type\":\"WebPage\",\"@id\":\"https:\\\/\\\/www.kosiceregion.com\\\/sk\\\/nedotknute-tradicie-a-remesla\\\/\",\"url\":\"https:\\\/\\\/www.kosiceregion.com\\\/sk\\\/nedotknute-tradicie-a-remesla\\\/\",\"name\":\"Nedotknut\u00e9 trad\u00edcie a remesl\u00e1 - Ko\u0161ice Regi\u00f3n\",\"isPartOf\":{\"@id\":\"https:\\\/\\\/www.kosiceregion.com\\\/#website\"},\"datePublished\":\"2021-12-07T20:02:47+00:00\",\"dateModified\":\"2022-05-06T18:33:32+00:00\",\"breadcrumb\":{\"@id\":\"https:\\\/\\\/www.kosiceregion.com\\\/sk\\\/nedotknute-tradicie-a-remesla\\\/#breadcrumb\"},\"inLanguage\":\"hu\",\"potentialAction\":[{\"@type\":\"ReadAction\",\"target\":[\"https:\\\/\\\/www.kosiceregion.com\\\/sk\\\/nedotknute-tradicie-a-remesla\\\/\"]}]},{\"@type\":\"BreadcrumbList\",\"@id\":\"https:\\\/\\\/www.kosiceregion.com\\\/sk\\\/nedotknute-tradicie-a-remesla\\\/#breadcrumb\",\"itemListElement\":[{\"@type\":\"ListItem\",\"position\":1,\"name\":\"Home\",\"item\":\"https:\\\/\\\/www.kosiceregion.com\\\/sk\\\/\"},{\"@type\":\"ListItem\",\"position\":2,\"name\":\"Nedotknut\u00e9 trad\u00edcie a remesl\u00e1\"}]},{\"@type\":\"WebSite\",\"@id\":\"https:\\\/\\\/www.kosiceregion.com\\\/#website\",\"url\":\"https:\\\/\\\/www.kosiceregion.com\\\/\",\"name\":\"Ko\u0161ice Regi\u00f3n\",\"description\":\"Turistick\u00fd sprievodca Ko\u0161ick\u00fdm krajom\",\"publisher\":{\"@id\":\"https:\\\/\\\/www.kosiceregion.com\\\/#organization\"},\"potentialAction\":[{\"@type\":\"SearchAction\",\"target\":{\"@type\":\"EntryPoint\",\"urlTemplate\":\"https:\\\/\\\/www.kosiceregion.com\\\/?s={search_term_string}\"},\"query-input\":{\"@type\":\"PropertyValueSpecification\",\"valueRequired\":true,\"valueName\":\"search_term_string\"}}],\"inLanguage\":\"hu\"},{\"@type\":\"Organization\",\"@id\":\"https:\\\/\\\/www.kosiceregion.com\\\/#organization\",\"name\":\"Ko\u0161ice Regi\u00f3n Turizmus\",\"url\":\"https:\\\/\\\/www.kosiceregion.com\\\/\",\"logo\":{\"@type\":\"ImageObject\",\"inLanguage\":\"hu\",\"@id\":\"https:\\\/\\\/www.kosiceregion.com\\\/#\\\/schema\\\/logo\\\/image\\\/\",\"url\":\"https:\\\/\\\/www.kosiceregion.com\\\/wp-content\\\/uploads\\\/2019\\\/03\\\/logo-web-sk.png\",\"contentUrl\":\"https:\\\/\\\/www.kosiceregion.com\\\/wp-content\\\/uploads\\\/2019\\\/03\\\/logo-web-sk.png\",\"width\":225,\"height\":100,\"caption\":\"Ko\u0161ice Regi\u00f3n Turizmus\"},\"image\":{\"@id\":\"https:\\\/\\\/www.kosiceregion.com\\\/#\\\/schema\\\/logo\\\/image\\\/\"},\"sameAs\":[\"https:\\\/\\\/www.facebook.com\\\/kosiceregion\",\"https:\\\/\\\/x.com\\\/KOSICEREGION\",\"https:\\\/\\\/www.instagram.com\\\/kosiceregion\",\"https:\\\/\\\/www.youtube.com\\\/kosiceregion\"]}]}<\/script>\n<!-- \/ Yoast SEO Premium plugin. -->","yoast_head_json":{"title":"Ko\u0161ice Regi\u00f3n","robots":{"index":"index","follow":"follow","max-snippet":"max-snippet:-1","max-image-preview":"max-image-preview:large","max-video-preview":"max-video-preview:-1"},"canonical":"https:\/\/www.kosiceregion.com\/sk\/nedotknute-tradicie-a-remesla\/","og_locale":"hu_HU","og_type":"article","og_title":"Nedotknut\u00e9 trad\u00edcie a remesl\u00e1","og_url":"https:\/\/www.kosiceregion.com\/hu\/wp-json\/wp\/v2\/pages\/8177","og_site_name":"Ko\u0161ice Regi\u00f3n","article_publisher":"https:\/\/www.facebook.com\/kosiceregion","article_modified_time":"2022-05-06T18:33:32+00:00","og_image":[{"width":225,"height":100,"url":"https:\/\/www.kosiceregion.com\/wp-content\/uploads\/2019\/03\/logo-web-sk.png","type":"image\/png"}],"twitter_card":"summary_large_image","twitter_site":"@KOSICEREGION","schema":{"@context":"https:\/\/schema.org","@graph":[{"@type":"WebPage","@id":"https:\/\/www.kosiceregion.com\/sk\/nedotknute-tradicie-a-remesla\/","url":"https:\/\/www.kosiceregion.com\/sk\/nedotknute-tradicie-a-remesla\/","name":"Nedotknut\u00e9 trad\u00edcie a remesl\u00e1 - Ko\u0161ice Regi\u00f3n","isPartOf":{"@id":"https:\/\/www.kosiceregion.com\/#website"},"datePublished":"2021-12-07T20:02:47+00:00","dateModified":"2022-05-06T18:33:32+00:00","breadcrumb":{"@id":"https:\/\/www.kosiceregion.com\/sk\/nedotknute-tradicie-a-remesla\/#breadcrumb"},"inLanguage":"hu","potentialAction":[{"@type":"ReadAction","target":["https:\/\/www.kosiceregion.com\/sk\/nedotknute-tradicie-a-remesla\/"]}]},{"@type":"BreadcrumbList","@id":"https:\/\/www.kosiceregion.com\/sk\/nedotknute-tradicie-a-remesla\/#breadcrumb","itemListElement":[{"@type":"ListItem","position":1,"name":"Home","item":"https:\/\/www.kosiceregion.com\/sk\/"},{"@type":"ListItem","position":2,"name":"Nedotknut\u00e9 trad\u00edcie a remesl\u00e1"}]},{"@type":"WebSite","@id":"https:\/\/www.kosiceregion.com\/#website","url":"https:\/\/www.kosiceregion.com\/","name":"Ko\u0161ice Regi\u00f3n","description":"Turistick\u00fd sprievodca Ko\u0161ick\u00fdm krajom","publisher":{"@id":"https:\/\/www.kosiceregion.com\/#organization"},"potentialAction":[{"@type":"SearchAction","target":{"@type":"EntryPoint","urlTemplate":"https:\/\/www.kosiceregion.com\/?s={search_term_string}"},"query-input":{"@type":"PropertyValueSpecification","valueRequired":true,"valueName":"search_term_string"}}],"inLanguage":"hu"},{"@type":"Organization","@id":"https:\/\/www.kosiceregion.com\/#organization","name":"Ko\u0161ice Regi\u00f3n Turizmus","url":"https:\/\/www.kosiceregion.com\/","logo":{"@type":"ImageObject","inLanguage":"hu","@id":"https:\/\/www.kosiceregion.com\/#\/schema\/logo\/image\/","url":"https:\/\/www.kosiceregion.com\/wp-content\/uploads\/2019\/03\/logo-web-sk.png","contentUrl":"https:\/\/www.kosiceregion.com\/wp-content\/uploads\/2019\/03\/logo-web-sk.png","width":225,"height":100,"caption":"Ko\u0161ice Regi\u00f3n Turizmus"},"image":{"@id":"https:\/\/www.kosiceregion.com\/#\/schema\/logo\/image\/"},"sameAs":["https:\/\/www.facebook.com\/kosiceregion","https:\/\/x.com\/KOSICEREGION","https:\/\/www.instagram.com\/kosiceregion","https:\/\/www.youtube.com\/kosiceregion"]}]}},"_links":{"self":[{"href":"https:\/\/www.kosiceregion.com\/hu\/wp-json\/wp\/v2\/pages\/8177","targetHints":{"allow":["GET"]}}],"collection":[{"href":"https:\/\/www.kosiceregion.com\/hu\/wp-json\/wp\/v2\/pages"}],"about":[{"href":"https:\/\/www.kosiceregion.com\/hu\/wp-json\/wp\/v2\/types\/page"}],"author":[{"embeddable":true,"href":"https:\/\/www.kosiceregion.com\/hu\/wp-json\/wp\/v2\/users\/1"}],"replies":[{"embeddable":true,"href":"https:\/\/www.kosiceregion.com\/hu\/wp-json\/wp\/v2\/comments?post=8177"}],"version-history":[{"count":2,"href":"https:\/\/www.kosiceregion.com\/hu\/wp-json\/wp\/v2\/pages\/8177\/revisions"}],"predecessor-version":[{"id":8794,"href":"https:\/\/www.kosiceregion.com\/hu\/wp-json\/wp\/v2\/pages\/8177\/revisions\/8794"}],"wp:attachment":[{"href":"https:\/\/www.kosiceregion.com\/hu\/wp-json\/wp\/v2\/media?parent=8177"}],"wp:term":[{"taxonomy":"category","embeddable":true,"href":"https:\/\/www.kosiceregion.com\/hu\/wp-json\/wp\/v2\/categories?post=8177"},{"taxonomy":"post_tag","embeddable":true,"href":"https:\/\/www.kosiceregion.com\/hu\/wp-json\/wp\/v2\/tags?post=8177"}],"curies":[{"name":"wp","href":"https:\/\/api.w.org\/{rel}","templated":true}]}}