{"id":9499,"date":"2022-08-17T11:30:44","date_gmt":"2022-08-17T09:30:44","guid":{"rendered":"https:\/\/www.kosiceregion.com\/sk\/?page_id=9499"},"modified":"2023-10-09T08:49:18","modified_gmt":"2023-10-09T06:49:18","slug":"","status":"publish","type":"page","link":"https:\/\/www.kosiceregion.com\/hu\/podmienky-pouzivania\/","title":{"rendered":"","raw":""},"content":{"rendered":"","protected":false,"raw":""},"excerpt":{"rendered":"","protected":false,"raw":""},"author":3,"featured_media":0,"parent":0,"menu_order":0,"comment_status":"closed","ping_status":"closed","template":"","meta":{"_acf_changed":false,"_sk_post_content":"<!-- wp:tadv\/classic-paragraph -->\n<div class=\"page\" title=\"Page 1\">\n<div class=\"layoutArea\">\n<div class=\"column\">\n<h2>1. V\u0161eobecn\u00e9 ustanovenia<\/h2>\n<\/div>\n<\/div>\n<div class=\"layoutArea\">\n<div class=\"column\">\n<p>Prev\u00e1dzkovate\u013eom webovej str\u00e1nky <a href=\"http:\/\/www.kosiceregion.com\">www.kosiceregion.com,<\/a>\u00a0<a href=\"http:\/\/www.kosiceregion.travel\">www.kosiceregion.travel<\/a>\u00a0(\u010falej len \u201ewebov\u00e1 str\u00e1nka), ktorej s\u00fa\u010das\u0165ou je aj mobiln\u00e1 aplik\u00e1cia Ko\u0161ice regi\u00f3n (\u010falej len \u201emobiln\u00e1 aplik\u00e1cia), je krajsk\u00e1 organiz\u00e1cie cestovn\u00e9ho ruchu Ko\u0161ice Regi\u00f3n Turizmus, so s\u00eddlom Ba\u010d\u00edkova 7, 040 01 Ko\u0161ice, Slovensk\u00e1 republika, I\u010cO: 42319269 (\u010falej len \u201eprev\u00e1dzkovate\u013e\u201c).<\/p>\n<p>Nevyhnut\u00fdm predpokladom pre pou\u017e\u00edvanie webovej str\u00e1nky <a href=\"http:\/\/www.kosiceregion.com\">www.kosiceregion.com,<\/a>\u00a0<a href=\"http:\/\/www.kosiceregion.travel\">www.kosiceregion.travel<\/a>, resp. mobilnej aplik\u00e1cie Ko\u0161ice regi\u00f3n je obozn\u00e1menie sa a s\u00fahlas u\u017e\u00edvate\u013ea s ni\u017e\u0161ie uveden\u00fdmi Podmienkami pou\u017e\u00edvania. Pou\u017e\u00edvanie webovej str\u00e1nky alebo mobilnej aplik\u00e1cie znamen\u00e1, \u017ee u\u017e\u00edvate\u013e s\u00fahlas\u00ed s Podmienkami pou\u017e\u00edvania. Ak u\u017e\u00edvate\u013e s podmienkami pou\u017e\u00edvania nes\u00fahlas\u00ed, zakazuje sa mu \u010fal\u0161ie pou\u017e\u00edvanie webovej str\u00e1nky <a href=\"http:\/\/www.kosiceregion.com\">www.kosiceregion.com,<\/a>\u00a0<a href=\"http:\/\/www.kosiceregion.travel\">www.kosiceregion.travel <\/a>\u00a0alebo mobilnej aplik\u00e1cie Ko\u0161ice regi\u00f3n.<\/p>\n<p>Prev\u00e1dzkovate\u013e si vyhradzuje pr\u00e1vo \u2013 pod\u013ea potreby \u010di vlastn\u00e9ho uv\u00e1\u017eenia \u2013 meni\u0165 tieto Podmienky ako celok alebo \u010diasto\u010dne. O takejto zmene prev\u00e1dzkovate\u013e informuje u\u017e\u00edvate\u013eov primeran\u00fdmi sp\u00f4sobmi, najm\u00e4 v\u0161ak zverejnen\u00edm aktualizovan\u00fdch Podmienok na webovom s\u00eddle prev\u00e1dzkovate\u013ea. V takom pr\u00edpade bud\u00fa zmeny platn\u00e9 d\u0148om zverejnenia na webovej str\u00e1nke. Ak u\u017e\u00edvate\u013e s nov\u00fdmi Podmienkami nes\u00fahlas\u00ed, zakazuje sa mu \u010fal\u0161ie pou\u017e\u00edvanie webovej str\u00e1nky <a href=\"http:\/\/www.kosiceregion.com\">www.kosiceregion.com,<\/a>\u00a0<a href=\"http:\/\/www.kosiceregion.travel\">www.kosiceregion.travel<\/a>\u00a0alebo mobilnej aplik\u00e1cie Ko\u0161ice regi\u00f3n. Ak po zmene Podmienok u\u017e\u00edvate\u013e pokra\u010duje v pou\u017e\u00edvan\u00ed webovej str\u00e1nky alebo aplik\u00e1cie, znamen\u00e1 to s\u00fahlas s nov\u00fdmi Podmienkami.<\/p>\n<p>Ak s t\u00fdmito Podmienkami nes\u00fahlas\u00edte, pros\u00edm, nepou\u017e\u00edvajte webov\u00fa str\u00e1nku <a href=\"http:\/\/www.kosiceregion.com\">www.kosiceregion.com,<\/a>\u00a0<a href=\"http:\/\/www.kosiceregion.travel\">www.kosiceregion.travel<\/a>\u00a0a\u00a0mobiln\u00fa aplik\u00e1cu Ko\u0161ice regi\u00f3n.<\/p>\n<h2>2. Du\u0161evn\u00e9 vlastn\u00edctvo a autorsk\u00e9 pr\u00e1va<\/h2>\n<p>Webov\u00fa str\u00e1nku <a href=\"http:\/\/www.kosiceregion.com\">www.kosiceregion.com,<\/a>\u00a0<a href=\"http:\/\/www.kosiceregion.travel\">www.kosiceregion.travel<\/a>\u00a0a\u00a0mobiln\u00fa aplik\u00e1ciu Ko\u0161ice regi\u00f3n je dovolen\u00e9 pou\u017e\u00edva\u0165 v\u00fdlu\u010dne na informa\u010dn\u00e9 \u00fa\u010dely zo s\u00fakromn\u00fdch alebo pracovn\u00fdch d\u00f4vodov. Prev\u00e1dzkovate\u013e je dr\u017eite\u013eom v\u0161etk\u00fdch autorsk\u00fdch pr\u00e1v vz\u0165ahuj\u00facich sa k ak\u00e9muko\u013evek obsahu, ktor\u00fd prev\u00e1dzkovate\u013e uverej\u0148uje na webovej str\u00e1nke <a href=\"http:\/\/www.kosiceregion.com\">www.kosiceregion.com,<\/a>\u00a0<a href=\"http:\/\/www.kosiceregion.travel\">www.kosiceregion.travel<\/a>\u00a0alebo\u00a0v mobilnej aplik\u00e1cii Ko\u0161ice regi\u00f3n, a to vr\u00e1tane textu, dizajnu str\u00e1nok a aplik\u00e1cie, technick\u00fdch n\u00e1\u010drtov, grafiky, v\u0161etk\u00fdch vyobrazen\u00ed, ako aj sp\u00f4sobu usporiadania s\u00faborov umiestnen\u00fdch na webovej str\u00e1nke www.kosiceregion.com alebo v mobilnej aplik\u00e1cii Ko\u0161ice regi\u00f3n.<\/p>\n<h2>3. Ochrana \u00fadajov<\/h2>\n<p>Prev\u00e1dzkovate\u013e webovej str\u00e1nky <a href=\"http:\/\/www.kosiceregion.com\">www.kosiceregion.com,<\/a>\u00a0<a href=\"http:\/\/www.kosiceregion.travel\">www.kosiceregion.travel<\/a>\u00a0a\u00a0mobilnej aplik\u00e1cie Ko\u0161ice regi\u00f3n db\u00e1 na ochranu osobn\u00fdch \u00fadajov u\u017e\u00edvate\u013eov. S podrobn\u00fdmi inform\u00e1ciami o ochrane\u00a0a sprac\u00favan\u00ed osobn\u00fdch \u00fadajov je mo\u017en\u00e9 sa obozn\u00e1mi\u0165 na odkaze: <a href=\"https:\/\/www.kosiceregion.com\/sk\/gdpr\/\">https:\/\/www.kosiceregion.com\/sk\/gdpr\/<\/a><\/p>\n<p>Prev\u00e1dzkovate\u013e pou\u017e\u00edva na webovej sr\u00e1nke <a href=\"http:\/\/www.kosiceregion.com\">www.kosiceregion.com,<\/a>\u00a0<a href=\"http:\/\/www.kosiceregion.travel\">www.kosiceregion.travel<\/a>\u00a0a\u00a0v mobilnej aplik\u00e1cii Ko\u0161ice regi\u00f3n k\u00f3dy tret\u00edch str\u00e1n. Ide o k\u00f3dy spolo\u010dnost\u00ed <span style=\"font-size: revert; letter-spacing: -0.003em;\"><a href=\"http:\/\/google.com\">Google<\/a><\/span> a <a href=\"https:\/\/www.facebook.com\">Facebook<\/a>, ktor\u00e9 prev\u00e1dzkovate\u013eovi pom\u00e1haj\u00fa analyzova\u0165 spr\u00e1vanie n\u00e1v\u0161tevn\u00edkov a komunikova\u0165 s nimi adresnej\u0161ie a efekt\u00edvnej\u0161ie.<\/p>\n<p><span style=\"font-size: revert; letter-spacing: -0.003em;\">Webov\u00e1 str\u00e1nka <a href=\"http:\/\/www.kosiceregion.com\">www.kosiceregion.com,<\/a>\u00a0<a href=\"http:\/\/www.kosiceregion.travel\">www.kosiceregion.travel<\/a>\u00a0i mobiln\u00e1 aplik\u00e1cia Ko\u0161ice regi\u00f3n pou\u017e\u00edvaj\u00fa slu\u017ebu <a href=\"http:\/\/google.com\/analytics\">Google Analytics<\/a>, poskytovan\u00fa spolo\u010dnos\u0165ou <a href=\"http:\/\/google.com\">Google Inc<\/a>. Slu\u017eba <a href=\"http:\/\/google.com\/analytics\">Google Analytics<\/a> pou\u017e\u00edva s\u00fabory \u201ecookies\u201c, \u010do s\u00fa textov\u00e9 s\u00fabory ukladan\u00e9 do zariadenia u\u017e\u00edvate\u013ea, umo\u017e\u0148uj\u00face anal\u00fdzu sp\u00f4sobu pou\u017e\u00edvania. Inform\u00e1cie v s\u00fabore cookie o u\u017e\u00edvan\u00ed str\u00e1nky, vr\u00e1tane IP adresy u\u017e\u00edvate\u013ea, demografick\u00fdch a geografick\u00fdch ukazovate\u013eoch, bud\u00fa spolo\u010dnos\u0165ou Google prenesen\u00e9 a ulo\u017een\u00e9 na servery v Spojen\u00fdch \u0161t\u00e1toch americk\u00fdch. Z\u00e1sady ochrany osobn\u00fdch \u00fadajov spolo\u010dnosti <a href=\"http:\/\/google.com\">Google Inc<\/a>. sa nach\u00e1dzaj\u00fa na odkaze: <a href=\"https:\/\/policies.google.com\/privacy?hl=cs\">https:\/\/policies.google.com\/privacy?hl=cs<\/a>.<\/span><\/p>\n<\/div>\n<\/div>\n<\/div>\n<div class=\"page\" title=\"Page 2\">\n<div class=\"layoutArea\">\n<div class=\"column\">\n<p>U\u017e\u00edvate\u013e m\u00f4\u017ee zabr\u00e1ni\u0165 sledovaniu d\u00e1t o svojej aktivite, a to po nain\u0161talovan\u00ed doplnku <a href=\"https:\/\/tools.google.com\/dlpage\/gaoptout\">https:\/\/tools.google.com\/dlpage\/gaoptout<\/a> do svojho webov\u00e9ho prehliada\u010da.<\/p>\n<h2>4. Zodpovednos\u0165<\/h2>\n<p>Inform\u00e1cie, slu\u017eby, softv\u00e9r a \u010fal\u0161\u00ed obsah webovej str\u00e1nky <a href=\"http:\/\/www.kosiceregion.com\">www.kosiceregion.com,<\/a>\u00a0<a href=\"http:\/\/www.kosiceregion.travel\">www.kosiceregion.travel<\/a>\u00a0a mobilnej aplik\u00e1cie Ko\u0161ice regi\u00f3n prev\u00e1dzkovate\u013e poskytuje bez akejko\u013evek z\u00e1ruky. Zodpovednos\u0165 za pou\u017e\u00edvanie webovej str\u00e1nky i mobilnej aplik\u00e1cie je na strane u\u017e\u00edvate\u013ea. Prev\u00e1dzkovate\u013e nenesie zodpovednos\u0165 za ak\u00e9ko\u013evek \u0161kody, straty alebo ujmy na hardv\u00e9ri a \/ alebo softv\u00e9ri sp\u00f4soben\u00e9 pou\u017e\u00edvan\u00edm webovej str\u00e1nky alebo mobilnej aplik\u00e1cie. Prev\u00e1dzkovate\u013e rovnako nenesie zodpovednos\u0165 za ak\u00e9ko\u013evek \u0161kody, straty alebo ujmy na hardv\u00e9ri a \/ alebo softv\u00e9ri sp\u00f4soben\u00e9 po\u010d\u00edta\u010dov\u00fdmi v\u00edrusmi a \u0161kodliv\u00fdm softv\u00e9rom, ktor\u00e9 m\u00f4\u017eu napadn\u00fa\u0165 zariadenie u\u017e\u00edvate\u013ea pri pou\u017e\u00edvan\u00ed, pr\u00edstupe a s\u0165ahovan\u00ed \u013eubovo\u013en\u00e9ho obsahu z webovej str\u00e1nky alebo mobilnej aplik\u00e1cie.<\/p>\n<p>Webov\u00e1 str\u00e1nka a mobiln\u00e1 aplik\u00e1cia m\u00f4\u017eu obsahova\u0165 hypertextov\u00e9 odkazy na webov\u00e9 str\u00e1nky prev\u00e1dzkovan\u00e9 tret\u00edmi stranami. Prev\u00e1dzkovate\u013e v \u017eiadnom pr\u00edpade nepreber\u00e1 zodpovednos\u0165 za ich obsah a pr\u00edstup na ne. Pr\u00edstup na str\u00e1nky z hypertextov\u00fdch odkazov a ich pou\u017e\u00edvanie je na vlastn\u00fa zodpovednos\u0165 u\u017e\u00edvate\u013ea.<\/p>\n<p>Prev\u00e1dzkovate\u013e neru\u010d\u00ed za to, \u017ee webov\u00e1 str\u00e1nka <a href=\"http:\/\/www.kosiceregion.com\">www.kosiceregion.com,<\/a>\u00a0<a href=\"http:\/\/www.kosiceregion.travel\">www.kosiceregion.travel<\/a>\u00a0a\u00a0mobiln\u00e1 aplik\u00e1cia Ko\u0161ice regi\u00f3n bud\u00fa prev\u00e1dzkovan\u00e9 trvalo, bez preru\u0161enia a \u017ee bud\u00fa bez ch\u00fdb. Prev\u00e1dzkovate\u013e si vyhradzuje pr\u00e1vo kedyko\u013evek obsah webovej str\u00e1nky a mobilnej aplik\u00e1cie zmeni\u0165, upravi\u0165, pr\u00edpadne prev\u00e1dzku pozastavi\u0165 alebo zru\u0161i\u0165 bez povinnosti informova\u0165 o tom u\u017e\u00edvate\u013eov.<\/p>\n<h2>5. Newsletter<\/h2>\n<p>Prev\u00e1dzkovate\u013e poskytuje u\u017e\u00edvate\u013eom webovej str\u00e1nky <a href=\"http:\/\/www.kosiceregion.com\">www.kosiceregion.com,<\/a>\u00a0<a href=\"http:\/\/www.kosiceregion.travel\">www.kosiceregion.travel<\/a>\u00a0a\u00a0mobilnej aplik\u00e1cie Ko\u0161ice regi\u00f3n mo\u017enos\u0165 odobera\u0165 informa\u010dn\u00fd newsletter Ko\u0161ice regi\u00f3n. Newsletter je slu\u017eba priameho elektronick\u00e9ho marketingu a prev\u00e1dzkovate\u013e ho u\u017e\u00edvate\u013eovi zasiela na n\u00edm zadan\u00fa e-mailov\u00fa adresu, na z\u00e1klade vyjadren\u00e9ho s\u00fahlasu. Newsletter obsahuje r\u00f4zne druhy inform\u00e1ci\u00ed, cestovate\u013esk\u00e9 tipy, multim\u00e9di\u00e1, av\u00edza na podujatia \u010di ponuky v\u00fdletov organizovan\u00e9 prev\u00e1dzkovate\u013eom alebo tret\u00edmi stranami.<\/p>\n<p>Prev\u00e1dzkovate\u013e pou\u017e\u00edva na zasielanie newslettra slu\u017ebu tretej strany <a href=\"https:\/\/mailchimp.com\">MailChimp<\/a>. Slu\u017eba <a href=\"https:\/\/mailchimp.com\">MailChimp<\/a> umo\u017e\u0148uje sledovanie analytick\u00fdch d\u00e1t o pr\u00edjemcovi e-mailu (zistenie IP adresy, pou\u017e\u00edvan\u00fd jazyk zariadenia, spr\u00e1vanie pr\u00edjemcu e-mailu), na z\u00e1klade ktor\u00fdch prev\u00e1dzkovate\u013e webovej str\u00e1nky <a href=\"http:\/\/www.kosiceregion.com\">www.kosiceregion.com,<\/a>\u00a0<a href=\"http:\/\/www.kosiceregion.travel\">www.kosiceregion.travel<\/a>\u00a0a\u00a0mobilnej aplik\u00e1cie Ko\u0161ice regi\u00f3n dok\u00e1\u017ee vyhodnocova\u0165 efekt\u00edvnos\u0165 komunik\u00e1cie a podnikn\u00fa\u0165 remarketingov\u00e9 aktivity. \u00dadaje u\u017e\u00edvate\u013eov, ktor\u00ed s\u00fa prihl\u00e1sen\u00ed na odber newslettra, s\u00fa ulo\u017een\u00e9 na serveroch spolo\u010dnosti <a href=\"https:\/\/mailchimp.com\">MailChimp<\/a> v Spojen\u00fdch \u0161t\u00e1toch americk\u00fdch a spadaj\u00fa do Programu na ochranu osobn\u00fdch \u00fadajov EU-US Privacy Shield, ktor\u00fd sp\u013a\u0148a podmienky na ochranu osobn\u00fdch \u00fadajov definovan\u00e9 nariadeniami GDPR.<\/p>\n<\/div>\n<\/div>\n<\/div>\n<div class=\"page\" title=\"Page 3\">\n<div class=\"layoutArea\">\n<div class=\"column\">\n<p>K odberu newslettra sa u\u017e\u00edvate\u013e prihlasuje vyplnen\u00edm pr\u00edslu\u0161n\u00e9ho po\u013ea na webovej str\u00e1nke alebo v mobilnej aplik\u00e1cii prev\u00e1dzkovate\u013ea, uveden\u00edm svojej e-mailovej adresy a udelen\u00edm s\u00fahlasu so zasielan\u00edm newslettra i spracovan\u00edm osobn\u00fdch \u00fadajov.<\/p>\n<p>U\u017e\u00edvate\u013e sa m\u00f4\u017ee z odberu newslettra kedyko\u013evek odhl\u00e1si\u0165, a to bu\u010f cez odkaz v p\u00e4te ka\u017ed\u00e9ho prijat\u00e9ho e-mailu, alebo zaslan\u00edm e-mailu na <a href=\"mailto:newsletter@kosiceregion.com\">newsletter@kosiceregion.com<\/a>.<\/p>\n<h2>6. Odpor\u00fa\u010dan\u00e9 roz\u0161\u00edrenia internetov\u00e9ho prehliada\u010da<\/h2>\n<p>Niektor\u00e9 dokumenty a dopl\u0148uj\u00face inform\u00e1cie, ktor\u00e9 prev\u00e1dzkovate\u013e poskytuje na stiahnutie, s\u00fa vo form\u00e1te PDF. Pre ich korektn\u00e9 zobrazenie sa u\u017e\u00edvate\u013eom odpor\u00fa\u010da ma\u0165 nain\u0161talovan\u00fd prehliada\u010d PDF dokumentov Adobe Reader, ktor\u00fd je mo\u017en\u00e9 stiahnu\u0165 si na str\u00e1nkach spolo\u010dnosti <a href=\"https:\/\/get.adobe.com\/sk\/reader\/otherversions\/\">Adobe Systems, Inc<\/a>.<\/p>\n<h2>7. Z\u00e1vere\u010dn\u00e9 ustanovenia<\/h2>\n<p>Tieto Podmienky sa riadia platn\u00fdmi, v\u0161eobecne z\u00e1v\u00e4zn\u00fdmi pr\u00e1vnymi predpismi Slovenskej republiky. Vz\u0165ahy neupraven\u00e9 t\u00fdmito Podmienkami sa riadia pr\u00e1vnym poriadkom Slovenskej republiky. Ak\u00fdko\u013evek spor alebo n\u00e1rok vzniknut\u00fd z pou\u017e\u00edvania webovej str\u00e1nky <a href=\"http:\/\/www.kosiceregion.com\">www.kosiceregion.com,<\/a>\u00a0<a href=\"http:\/\/www.kosiceregion.travel\">www.kosiceregion.travel<\/a>\u00a0alebo mobilnej aplik\u00e1cie Ko\u0161ice regi\u00f3n bude rie\u0161en\u00fd prednostne dohodou prev\u00e1dzkovate\u013ea a u\u017e\u00edvate\u013ea. Ak k dohode ned\u00f4jde, je ktor\u00e1ko\u013evek strana opr\u00e1vnen\u00e1 poda\u0165 n\u00e1vrh na za\u010datie konania na miestne pr\u00edslu\u0161n\u00fd s\u00fad v Slovenskej republike.<\/p>\n<p>V pr\u00edpade, \u017ee je niektor\u00e9 ustanovenie t\u00fdchto Podmienok v rozpore s v\u0161eobecne z\u00e1v\u00e4zn\u00fdmi pr\u00e1vnymi predpismi, alebo ak niektor\u00e9 ustanovenie uzn\u00e1 s\u00fad ako neplatn\u00e9, bude toto ustanovenie odstr\u00e1nen\u00e9. V takom pr\u00edpade zost\u00e1va zvy\u0161ok Podmienok v plnej platnosti\u00a0a \u00fa\u010dinnosti.<\/p>\n<\/div>\n<\/div>\n<p>\u00a0<\/p>\n<p><i>Doh\u013ead nad spracovan\u00edm osobn\u00fdch \u00fadajov v na\u0161ej spolo\u010dnosti zabezpe\u010duje firma EuroTRADING s.r.o.,<br \/>a v s\u00falade s \u00a7 44 z\u00e1kona \u010d. 18\/2018 Z.z. a \u010dl\u00e1nkom \u010d.37<b> NARIADENIA EUR\u00d3PSKEHO PARLAMENTU A RADY (E\u00da) 2016\/679<\/b>,<br \/>n\u00e1m poskytuje zodpovedn\u00fa osobu, ktor\u00fa m\u00f4\u017eete kontaktova\u0165 na adrese <b><a title=\"mailto:zo@eurotrading.sk\" href=\"mailto:zo@eurotrading.sk\">zo@eurotrading.sk<\/a><\/b>.<br \/>Viac inform\u00e1ci\u00ed si m\u00f4\u017eete pre\u010d\u00edta\u0165 tu : <a title=\"http:\/\/www.eurotrading.sk\/zo\" href=\"http:\/\/www.eurotrading.sk\/zo\">www.eurotrading.sk\/zo<\/a><\/i><\/p>\n<\/div>\n<!-- \/wp:tadv\/classic-paragraph -->","_sk_post_name":"podmienky-pouzivania","_sk_post_excerpt":"","_sk_post_title":"Podmienky pou\u017e\u00edvania","_en_post_content":"","_en_post_name":"","_en_post_excerpt":"","_en_post_title":"","_hu_post_content":"","_hu_post_name":"","_hu_post_excerpt":"","_hu_post_title":"","_es_post_content":"","_es_post_name":"","_es_post_excerpt":"","_es_post_title":"","_de_post_content":"","_de_post_name":"","_de_post_excerpt":"","_de_post_title":"","_pl_post_content":"","_pl_post_name":"","_pl_post_excerpt":"","_pl_post_title":"","_it_post_content":"","_it_post_name":"","_it_post_excerpt":"","_it_post_title":"","edit_language":"hu","footnotes":""},"categories":[],"tags":[],"class_list":["post-9499","page","type-page","status-publish","hentry"],"acf":[],"yoast_head":"<!-- This site is optimized with the Yoast SEO Premium plugin v25.5 (Yoast SEO v27.4) - https:\/\/yoast.com\/product\/yoast-seo-premium-wordpress\/ -->\n<title>Ko\u0161ice Regi\u00f3n<\/title>\n<meta name=\"description\" content=\"1. V\u0161eobecn\u00e9 ustanovenia\n\n\n\n\nPrev\u00e1dzkovate\u013eom webovej str\u00e1nky www.kosiceregion.com,\u00a0www.kosiceregion.travel\u00a0(\u010falej len \u201ewebov\u00e1 str\u00e1nka), ktorej s\u00fa\u010das\u0165ou je aj mobiln\u00e1 aplik\u00e1cia Ko\u0161ice regi\u00f3n (\u010falej len \u201emobiln\u00e1 aplik\u00e1cia),\u2026\" \/>\n<meta name=\"robots\" content=\"index, follow, max-snippet:-1, max-image-preview:large, max-video-preview:-1\" \/>\n<link rel=\"canonical\" href=\"https:\/\/www.kosiceregion.com\/sk\/podmienky-pouzivania\/\" \/>\n<meta property=\"og:locale\" content=\"hu_HU\" \/>\n<meta property=\"og:type\" content=\"article\" \/>\n<meta property=\"og:title\" content=\"Podmienky pou\u017e\u00edvania\" \/>\n<meta property=\"og:description\" content=\"1. V\u0161eobecn\u00e9 ustanovenia Prev\u00e1dzkovate\u013eom webovej str\u00e1nky www.kosiceregion.com,\u00a0www.kosiceregion.travel\u00a0(\u010falej len \u201ewebov\u00e1 str\u00e1nka), ktorej s\u00fa\u010das\u0165ou je aj\" \/>\n<meta property=\"og:url\" content=\"https:\/\/www.kosiceregion.com\/hu\/wp-json\/wp\/v2\/pages\/9499\" \/>\n<meta property=\"og:site_name\" content=\"Ko\u0161ice Regi\u00f3n\" \/>\n<meta property=\"article:publisher\" content=\"https:\/\/www.facebook.com\/kosiceregion\" \/>\n<meta property=\"article:modified_time\" content=\"2023-10-09T06:49:18+00:00\" \/>\n<meta property=\"og:image\" content=\"https:\/\/www.kosiceregion.com\/wp-content\/uploads\/2019\/03\/logo-web-sk.png\" \/>\n\t<meta property=\"og:image:width\" content=\"225\" \/>\n\t<meta property=\"og:image:height\" content=\"100\" \/>\n\t<meta property=\"og:image:type\" content=\"image\/png\" \/>\n<meta name=\"twitter:card\" content=\"summary_large_image\" \/>\n<meta name=\"twitter:site\" content=\"@KOSICEREGION\" \/>\n<meta name=\"twitter:label1\" content=\"Becs\u00fclt olvas\u00e1si id\u0151\" \/>\n\t<meta name=\"twitter:data1\" content=\"6 perc\" \/>\n<script type=\"application\/ld+json\" class=\"yoast-schema-graph\">{\"@context\":\"https:\\\/\\\/schema.org\",\"@graph\":[{\"@type\":\"WebPage\",\"@id\":\"https:\\\/\\\/www.kosiceregion.com\\\/sk\\\/podmienky-pouzivania\\\/\",\"url\":\"https:\\\/\\\/www.kosiceregion.com\\\/sk\\\/podmienky-pouzivania\\\/\",\"name\":\"Podmienky pou\u017e\u00edvania - Ko\u0161ice Regi\u00f3n\",\"isPartOf\":{\"@id\":\"https:\\\/\\\/www.kosiceregion.com\\\/#website\"},\"datePublished\":\"2022-08-17T09:30:44+00:00\",\"dateModified\":\"2023-10-09T06:49:18+00:00\",\"description\":\"1. V\u0161eobecn\u00e9 ustanovenia Prev\u00e1dzkovate\u013eom webovej str\u00e1nky www.kosiceregion.com,\u00a0www.kosiceregion.travel\u00a0(\u010falej len \u201ewebov\u00e1 str\u00e1nka), ktorej s\u00fa\u010das\u0165ou je aj\",\"breadcrumb\":{\"@id\":\"https:\\\/\\\/www.kosiceregion.com\\\/sk\\\/podmienky-pouzivania\\\/#breadcrumb\"},\"inLanguage\":\"hu\",\"potentialAction\":[{\"@type\":\"ReadAction\",\"target\":[\"https:\\\/\\\/www.kosiceregion.com\\\/sk\\\/podmienky-pouzivania\\\/\"]}]},{\"@type\":\"BreadcrumbList\",\"@id\":\"https:\\\/\\\/www.kosiceregion.com\\\/sk\\\/podmienky-pouzivania\\\/#breadcrumb\",\"itemListElement\":[{\"@type\":\"ListItem\",\"position\":1,\"name\":\"Home\",\"item\":\"https:\\\/\\\/www.kosiceregion.com\\\/sk\\\/\"},{\"@type\":\"ListItem\",\"position\":2,\"name\":\"Podmienky pou\u017e\u00edvania\"}]},{\"@type\":\"WebSite\",\"@id\":\"https:\\\/\\\/www.kosiceregion.com\\\/#website\",\"url\":\"https:\\\/\\\/www.kosiceregion.com\\\/\",\"name\":\"Ko\u0161ice Regi\u00f3n\",\"description\":\"Turistick\u00fd sprievodca Ko\u0161ick\u00fdm krajom\",\"publisher\":{\"@id\":\"https:\\\/\\\/www.kosiceregion.com\\\/#organization\"},\"potentialAction\":[{\"@type\":\"SearchAction\",\"target\":{\"@type\":\"EntryPoint\",\"urlTemplate\":\"https:\\\/\\\/www.kosiceregion.com\\\/?s={search_term_string}\"},\"query-input\":{\"@type\":\"PropertyValueSpecification\",\"valueRequired\":true,\"valueName\":\"search_term_string\"}}],\"inLanguage\":\"hu\"},{\"@type\":\"Organization\",\"@id\":\"https:\\\/\\\/www.kosiceregion.com\\\/#organization\",\"name\":\"Ko\u0161ice Regi\u00f3n Turizmus\",\"url\":\"https:\\\/\\\/www.kosiceregion.com\\\/\",\"logo\":{\"@type\":\"ImageObject\",\"inLanguage\":\"hu\",\"@id\":\"https:\\\/\\\/www.kosiceregion.com\\\/#\\\/schema\\\/logo\\\/image\\\/\",\"url\":\"https:\\\/\\\/www.kosiceregion.com\\\/wp-content\\\/uploads\\\/2019\\\/03\\\/logo-web-sk.png\",\"contentUrl\":\"https:\\\/\\\/www.kosiceregion.com\\\/wp-content\\\/uploads\\\/2019\\\/03\\\/logo-web-sk.png\",\"width\":225,\"height\":100,\"caption\":\"Ko\u0161ice Regi\u00f3n Turizmus\"},\"image\":{\"@id\":\"https:\\\/\\\/www.kosiceregion.com\\\/#\\\/schema\\\/logo\\\/image\\\/\"},\"sameAs\":[\"https:\\\/\\\/www.facebook.com\\\/kosiceregion\",\"https:\\\/\\\/x.com\\\/KOSICEREGION\",\"https:\\\/\\\/www.instagram.com\\\/kosiceregion\",\"https:\\\/\\\/www.youtube.com\\\/kosiceregion\"]}]}<\/script>\n<!-- \/ Yoast SEO Premium plugin. -->","yoast_head_json":{"title":"Ko\u0161ice Regi\u00f3n","description":"1. V\u0161eobecn\u00e9 ustanovenia\n\n\n\n\nPrev\u00e1dzkovate\u013eom webovej str\u00e1nky www.kosiceregion.com,\u00a0www.kosiceregion.travel\u00a0(\u010falej len \u201ewebov\u00e1 str\u00e1nka), ktorej s\u00fa\u010das\u0165ou je aj mobiln\u00e1 aplik\u00e1cia Ko\u0161ice regi\u00f3n (\u010falej len \u201emobiln\u00e1 aplik\u00e1cia),\u2026","robots":{"index":"index","follow":"follow","max-snippet":"max-snippet:-1","max-image-preview":"max-image-preview:large","max-video-preview":"max-video-preview:-1"},"canonical":"https:\/\/www.kosiceregion.com\/sk\/podmienky-pouzivania\/","og_locale":"hu_HU","og_type":"article","og_title":"Podmienky pou\u017e\u00edvania","og_description":"1. V\u0161eobecn\u00e9 ustanovenia Prev\u00e1dzkovate\u013eom webovej str\u00e1nky www.kosiceregion.com,\u00a0www.kosiceregion.travel\u00a0(\u010falej len \u201ewebov\u00e1 str\u00e1nka), ktorej s\u00fa\u010das\u0165ou je aj","og_url":"https:\/\/www.kosiceregion.com\/hu\/wp-json\/wp\/v2\/pages\/9499","og_site_name":"Ko\u0161ice Regi\u00f3n","article_publisher":"https:\/\/www.facebook.com\/kosiceregion","article_modified_time":"2023-10-09T06:49:18+00:00","og_image":[{"width":225,"height":100,"url":"https:\/\/www.kosiceregion.com\/wp-content\/uploads\/2019\/03\/logo-web-sk.png","type":"image\/png"}],"twitter_card":"summary_large_image","twitter_site":"@KOSICEREGION","twitter_misc":{"Becs\u00fclt olvas\u00e1si id\u0151":"6 perc"},"schema":{"@context":"https:\/\/schema.org","@graph":[{"@type":"WebPage","@id":"https:\/\/www.kosiceregion.com\/sk\/podmienky-pouzivania\/","url":"https:\/\/www.kosiceregion.com\/sk\/podmienky-pouzivania\/","name":"Podmienky pou\u017e\u00edvania - Ko\u0161ice Regi\u00f3n","isPartOf":{"@id":"https:\/\/www.kosiceregion.com\/#website"},"datePublished":"2022-08-17T09:30:44+00:00","dateModified":"2023-10-09T06:49:18+00:00","description":"1. V\u0161eobecn\u00e9 ustanovenia Prev\u00e1dzkovate\u013eom webovej str\u00e1nky www.kosiceregion.com,\u00a0www.kosiceregion.travel\u00a0(\u010falej len \u201ewebov\u00e1 str\u00e1nka), ktorej s\u00fa\u010das\u0165ou je aj","breadcrumb":{"@id":"https:\/\/www.kosiceregion.com\/sk\/podmienky-pouzivania\/#breadcrumb"},"inLanguage":"hu","potentialAction":[{"@type":"ReadAction","target":["https:\/\/www.kosiceregion.com\/sk\/podmienky-pouzivania\/"]}]},{"@type":"BreadcrumbList","@id":"https:\/\/www.kosiceregion.com\/sk\/podmienky-pouzivania\/#breadcrumb","itemListElement":[{"@type":"ListItem","position":1,"name":"Home","item":"https:\/\/www.kosiceregion.com\/sk\/"},{"@type":"ListItem","position":2,"name":"Podmienky pou\u017e\u00edvania"}]},{"@type":"WebSite","@id":"https:\/\/www.kosiceregion.com\/#website","url":"https:\/\/www.kosiceregion.com\/","name":"Ko\u0161ice Regi\u00f3n","description":"Turistick\u00fd sprievodca Ko\u0161ick\u00fdm krajom","publisher":{"@id":"https:\/\/www.kosiceregion.com\/#organization"},"potentialAction":[{"@type":"SearchAction","target":{"@type":"EntryPoint","urlTemplate":"https:\/\/www.kosiceregion.com\/?s={search_term_string}"},"query-input":{"@type":"PropertyValueSpecification","valueRequired":true,"valueName":"search_term_string"}}],"inLanguage":"hu"},{"@type":"Organization","@id":"https:\/\/www.kosiceregion.com\/#organization","name":"Ko\u0161ice Regi\u00f3n Turizmus","url":"https:\/\/www.kosiceregion.com\/","logo":{"@type":"ImageObject","inLanguage":"hu","@id":"https:\/\/www.kosiceregion.com\/#\/schema\/logo\/image\/","url":"https:\/\/www.kosiceregion.com\/wp-content\/uploads\/2019\/03\/logo-web-sk.png","contentUrl":"https:\/\/www.kosiceregion.com\/wp-content\/uploads\/2019\/03\/logo-web-sk.png","width":225,"height":100,"caption":"Ko\u0161ice Regi\u00f3n Turizmus"},"image":{"@id":"https:\/\/www.kosiceregion.com\/#\/schema\/logo\/image\/"},"sameAs":["https:\/\/www.facebook.com\/kosiceregion","https:\/\/x.com\/KOSICEREGION","https:\/\/www.instagram.com\/kosiceregion","https:\/\/www.youtube.com\/kosiceregion"]}]}},"_links":{"self":[{"href":"https:\/\/www.kosiceregion.com\/hu\/wp-json\/wp\/v2\/pages\/9499","targetHints":{"allow":["GET"]}}],"collection":[{"href":"https:\/\/www.kosiceregion.com\/hu\/wp-json\/wp\/v2\/pages"}],"about":[{"href":"https:\/\/www.kosiceregion.com\/hu\/wp-json\/wp\/v2\/types\/page"}],"author":[{"embeddable":true,"href":"https:\/\/www.kosiceregion.com\/hu\/wp-json\/wp\/v2\/users\/3"}],"replies":[{"embeddable":true,"href":"https:\/\/www.kosiceregion.com\/hu\/wp-json\/wp\/v2\/comments?post=9499"}],"version-history":[{"count":3,"href":"https:\/\/www.kosiceregion.com\/hu\/wp-json\/wp\/v2\/pages\/9499\/revisions"}],"predecessor-version":[{"id":11527,"href":"https:\/\/www.kosiceregion.com\/hu\/wp-json\/wp\/v2\/pages\/9499\/revisions\/11527"}],"wp:attachment":[{"href":"https:\/\/www.kosiceregion.com\/hu\/wp-json\/wp\/v2\/media?parent=9499"}],"wp:term":[{"taxonomy":"category","embeddable":true,"href":"https:\/\/www.kosiceregion.com\/hu\/wp-json\/wp\/v2\/categories?post=9499"},{"taxonomy":"post_tag","embeddable":true,"href":"https:\/\/www.kosiceregion.com\/hu\/wp-json\/wp\/v2\/tags?post=9499"}],"curies":[{"name":"wp","href":"https:\/\/api.w.org\/{rel}","templated":true}]}}