{"id":3421,"date":"2020-06-02T15:40:57","date_gmt":"2020-06-02T13:40:57","guid":{"rendered":"https:\/\/www.kosiceregion.com\/sk\/?page_id=3421"},"modified":"2023-09-19T11:37:38","modified_gmt":"2023-09-19T09:37:38","slug":"route","status":"publish","type":"page","link":"https:\/\/www.kosiceregion.com\/sk\/route\/","title":{"rendered":"Cyklov\u00fdlety na Kraji sveta"},"content":{"rendered":"","protected":false},"excerpt":{"rendered":"","protected":false},"author":1,"featured_media":3425,"parent":0,"menu_order":0,"comment_status":"closed","ping_status":"closed","template":"","meta":{"_acf_changed":false,"_sk_post_content":"","_sk_post_name":"route","_sk_post_excerpt":"","_sk_post_title":"Cyklov\u00fdlety na Kraji sveta","_en_post_content":"","_en_post_name":"","_en_post_excerpt":"","_en_post_title":"Trips","_hu_post_content":"","_hu_post_name":"","_hu_post_excerpt":"","_hu_post_title":"Kir\u00e1ndul\u00e1sok","_es_post_content":"","_es_post_name":"","_es_post_excerpt":"","_es_post_title":"","_de_post_content":"","_de_post_name":"","_de_post_excerpt":"","_de_post_title":"","_pl_post_content":"","_pl_post_name":"","_pl_post_excerpt":"","_pl_post_title":"","_it_post_content":"","_it_post_name":"","_it_post_excerpt":"","_it_post_title":"","edit_language":"sk","footnotes":""},"categories":[],"tags":[],"class_list":["post-3421","page","type-page","status-publish","has-post-thumbnail","hentry"],"acf":[],"yoast_head":"<!-- This site is optimized with the Yoast SEO Premium plugin v25.5 (Yoast SEO v27.4) - https:\/\/yoast.com\/product\/yoast-seo-premium-wordpress\/ -->\n<title>Ko\u0161ice Regi\u00f3n<\/title>\n<meta name=\"description\" content=\"Nechajte sa in\u0161pirova\u0165 cyklov\u00fdletmi na Kraji sveta - v Ko\u0161ickom svetovom kraji. Skvel\u00e9 tipy na cyklov\u00fdlety na Tokaji, Gemeri \u010di v okol\u00ed Ko\u0161\u00edc\" \/>\n<meta name=\"robots\" content=\"index, follow, max-snippet:-1, max-image-preview:large, max-video-preview:-1\" \/>\n<link rel=\"canonical\" href=\"https:\/\/www.kosiceregion.com\/sk\/route\/\" \/>\n<meta property=\"og:locale\" content=\"sk_SK\" \/>\n<meta property=\"og:type\" content=\"article\" \/>\n<meta property=\"og:title\" content=\"Cyklov\u00fdlety na Kraji sveta\" \/>\n<meta property=\"og:description\" content=\"Nechajte sa in\u0161pirova\u0165 cyklov\u00fdletmi na Kraji sveta - v Ko\u0161ickom svetovom kraji. Skvel\u00e9 tipy na cyklov\u00fdlety na Tokaji, Gemeri \u010di v okol\u00ed Ko\u0161\u00edc\" \/>\n<meta property=\"og:url\" content=\"https:\/\/www.kosiceregion.com\/sk\/wp-json\/wp\/v2\/pages\/3421\" \/>\n<meta property=\"og:site_name\" content=\"Ko\u0161ice Regi\u00f3n\" \/>\n<meta property=\"article:publisher\" content=\"https:\/\/www.facebook.com\/kosiceregion\" \/>\n<meta property=\"article:modified_time\" content=\"2023-09-19T09:37:38+00:00\" \/>\n<meta property=\"og:image\" content=\"https:\/\/www.kosiceregion.com\/wp-content\/uploads\/2023\/09\/FP_3225-scaled.jpg\" \/>\n\t<meta property=\"og:image:width\" content=\"2560\" \/>\n\t<meta property=\"og:image:height\" content=\"1707\" \/>\n\t<meta property=\"og:image:type\" content=\"image\/jpeg\" \/>\n<meta name=\"twitter:card\" content=\"summary_large_image\" \/>\n<meta name=\"twitter:title\" content=\"Cyklov\u00fdlety na Kraji sveta\" \/>\n<meta name=\"twitter:site\" content=\"@KOSICEREGION\" \/>\n<script type=\"application\/ld+json\" class=\"yoast-schema-graph\">{\"@context\":\"https:\\\/\\\/schema.org\",\"@graph\":[{\"@type\":\"WebPage\",\"@id\":\"https:\\\/\\\/www.kosiceregion.com\\\/sk\\\/route\\\/\",\"url\":\"https:\\\/\\\/www.kosiceregion.com\\\/sk\\\/route\\\/\",\"name\":\"Cyklov\u00fdlety na Kraji sveta - Ko\u0161ice Regi\u00f3n\",\"isPartOf\":{\"@id\":\"https:\\\/\\\/www.kosiceregion.com\\\/#website\"},\"primaryImageOfPage\":{\"@id\":\"https:\\\/\\\/www.kosiceregion.com\\\/sk\\\/route\\\/#primaryimage\"},\"image\":{\"@id\":\"https:\\\/\\\/www.kosiceregion.com\\\/sk\\\/route\\\/#primaryimage\"},\"thumbnailUrl\":\"https:\\\/\\\/www.kosiceregion.com\\\/wp-content\\\/uploads\\\/2020\\\/06\\\/o_roznavalow016.jpg\",\"datePublished\":\"2020-06-02T13:40:57+00:00\",\"dateModified\":\"2023-09-19T09:37:38+00:00\",\"description\":\"Nechajte sa in\u0161pirova\u0165 cyklov\u00fdletmi na Kraji sveta - v Ko\u0161ickom svetovom kraji. Skvel\u00e9 tipy na cyklov\u00fdlety na Tokaji, Gemeri \u010di v okol\u00ed Ko\u0161\u00edc\",\"breadcrumb\":{\"@id\":\"https:\\\/\\\/www.kosiceregion.com\\\/sk\\\/route\\\/#breadcrumb\"},\"inLanguage\":\"sk-SK\",\"potentialAction\":[{\"@type\":\"ReadAction\",\"target\":[\"https:\\\/\\\/www.kosiceregion.com\\\/sk\\\/route\\\/\"]}]},{\"@type\":\"ImageObject\",\"inLanguage\":\"sk-SK\",\"@id\":\"https:\\\/\\\/www.kosiceregion.com\\\/sk\\\/route\\\/#primaryimage\",\"url\":\"https:\\\/\\\/www.kosiceregion.com\\\/wp-content\\\/uploads\\\/2020\\\/06\\\/o_roznavalow016.jpg\",\"contentUrl\":\"https:\\\/\\\/www.kosiceregion.com\\\/wp-content\\\/uploads\\\/2020\\\/06\\\/o_roznavalow016.jpg\",\"width\":1350,\"height\":900},{\"@type\":\"BreadcrumbList\",\"@id\":\"https:\\\/\\\/www.kosiceregion.com\\\/sk\\\/route\\\/#breadcrumb\",\"itemListElement\":[{\"@type\":\"ListItem\",\"position\":1,\"name\":\"Home\",\"item\":\"https:\\\/\\\/www.kosiceregion.com\\\/sk\\\/\"},{\"@type\":\"ListItem\",\"position\":2,\"name\":\"Cyklov\u00fdlety na Kraji sveta\"}]},{\"@type\":\"WebSite\",\"@id\":\"https:\\\/\\\/www.kosiceregion.com\\\/#website\",\"url\":\"https:\\\/\\\/www.kosiceregion.com\\\/\",\"name\":\"Ko\u0161ice Regi\u00f3n\",\"description\":\"Turistick\u00fd sprievodca Ko\u0161ick\u00fdm krajom\",\"publisher\":{\"@id\":\"https:\\\/\\\/www.kosiceregion.com\\\/#organization\"},\"potentialAction\":[{\"@type\":\"SearchAction\",\"target\":{\"@type\":\"EntryPoint\",\"urlTemplate\":\"https:\\\/\\\/www.kosiceregion.com\\\/?s={search_term_string}\"},\"query-input\":{\"@type\":\"PropertyValueSpecification\",\"valueRequired\":true,\"valueName\":\"search_term_string\"}}],\"inLanguage\":\"sk-SK\"},{\"@type\":\"Organization\",\"@id\":\"https:\\\/\\\/www.kosiceregion.com\\\/#organization\",\"name\":\"Ko\u0161ice Regi\u00f3n Turizmus\",\"url\":\"https:\\\/\\\/www.kosiceregion.com\\\/\",\"logo\":{\"@type\":\"ImageObject\",\"inLanguage\":\"sk-SK\",\"@id\":\"https:\\\/\\\/www.kosiceregion.com\\\/#\\\/schema\\\/logo\\\/image\\\/\",\"url\":\"https:\\\/\\\/www.kosiceregion.com\\\/wp-content\\\/uploads\\\/2019\\\/03\\\/logo-web-sk.png\",\"contentUrl\":\"https:\\\/\\\/www.kosiceregion.com\\\/wp-content\\\/uploads\\\/2019\\\/03\\\/logo-web-sk.png\",\"width\":225,\"height\":100,\"caption\":\"Ko\u0161ice Regi\u00f3n Turizmus\"},\"image\":{\"@id\":\"https:\\\/\\\/www.kosiceregion.com\\\/#\\\/schema\\\/logo\\\/image\\\/\"},\"sameAs\":[\"https:\\\/\\\/www.facebook.com\\\/kosiceregion\",\"https:\\\/\\\/x.com\\\/KOSICEREGION\",\"https:\\\/\\\/www.instagram.com\\\/kosiceregion\",\"https:\\\/\\\/www.youtube.com\\\/kosiceregion\"]}]}<\/script>\n<!-- \/ Yoast SEO Premium plugin. -->","yoast_head_json":{"title":"Ko\u0161ice Regi\u00f3n","description":"Nechajte sa in\u0161pirova\u0165 cyklov\u00fdletmi na Kraji sveta - v Ko\u0161ickom svetovom kraji. Skvel\u00e9 tipy na cyklov\u00fdlety na Tokaji, Gemeri \u010di v okol\u00ed Ko\u0161\u00edc","robots":{"index":"index","follow":"follow","max-snippet":"max-snippet:-1","max-image-preview":"max-image-preview:large","max-video-preview":"max-video-preview:-1"},"canonical":"https:\/\/www.kosiceregion.com\/sk\/route\/","og_locale":"sk_SK","og_type":"article","og_title":"Cyklov\u00fdlety na Kraji sveta","og_description":"Nechajte sa in\u0161pirova\u0165 cyklov\u00fdletmi na Kraji sveta - v Ko\u0161ickom svetovom kraji. Skvel\u00e9 tipy na cyklov\u00fdlety na Tokaji, Gemeri \u010di v okol\u00ed Ko\u0161\u00edc","og_url":"https:\/\/www.kosiceregion.com\/sk\/wp-json\/wp\/v2\/pages\/3421","og_site_name":"Ko\u0161ice Regi\u00f3n","article_publisher":"https:\/\/www.facebook.com\/kosiceregion","article_modified_time":"2023-09-19T09:37:38+00:00","og_image":[{"width":2560,"height":1707,"url":"https:\/\/www.kosiceregion.com\/wp-content\/uploads\/2023\/09\/FP_3225-scaled.jpg","type":"image\/jpeg"}],"twitter_card":"summary_large_image","twitter_title":"Cyklov\u00fdlety na Kraji sveta","twitter_site":"@KOSICEREGION","schema":{"@context":"https:\/\/schema.org","@graph":[{"@type":"WebPage","@id":"https:\/\/www.kosiceregion.com\/sk\/route\/","url":"https:\/\/www.kosiceregion.com\/sk\/route\/","name":"Cyklov\u00fdlety na Kraji sveta - Ko\u0161ice Regi\u00f3n","isPartOf":{"@id":"https:\/\/www.kosiceregion.com\/#website"},"primaryImageOfPage":{"@id":"https:\/\/www.kosiceregion.com\/sk\/route\/#primaryimage"},"image":{"@id":"https:\/\/www.kosiceregion.com\/sk\/route\/#primaryimage"},"thumbnailUrl":"https:\/\/www.kosiceregion.com\/wp-content\/uploads\/2020\/06\/o_roznavalow016.jpg","datePublished":"2020-06-02T13:40:57+00:00","dateModified":"2023-09-19T09:37:38+00:00","description":"Nechajte sa in\u0161pirova\u0165 cyklov\u00fdletmi na Kraji sveta - v Ko\u0161ickom svetovom kraji. Skvel\u00e9 tipy na cyklov\u00fdlety na Tokaji, Gemeri \u010di v okol\u00ed Ko\u0161\u00edc","breadcrumb":{"@id":"https:\/\/www.kosiceregion.com\/sk\/route\/#breadcrumb"},"inLanguage":"sk-SK","potentialAction":[{"@type":"ReadAction","target":["https:\/\/www.kosiceregion.com\/sk\/route\/"]}]},{"@type":"ImageObject","inLanguage":"sk-SK","@id":"https:\/\/www.kosiceregion.com\/sk\/route\/#primaryimage","url":"https:\/\/www.kosiceregion.com\/wp-content\/uploads\/2020\/06\/o_roznavalow016.jpg","contentUrl":"https:\/\/www.kosiceregion.com\/wp-content\/uploads\/2020\/06\/o_roznavalow016.jpg","width":1350,"height":900},{"@type":"BreadcrumbList","@id":"https:\/\/www.kosiceregion.com\/sk\/route\/#breadcrumb","itemListElement":[{"@type":"ListItem","position":1,"name":"Home","item":"https:\/\/www.kosiceregion.com\/sk\/"},{"@type":"ListItem","position":2,"name":"Cyklov\u00fdlety na Kraji sveta"}]},{"@type":"WebSite","@id":"https:\/\/www.kosiceregion.com\/#website","url":"https:\/\/www.kosiceregion.com\/","name":"Ko\u0161ice Regi\u00f3n","description":"Turistick\u00fd sprievodca Ko\u0161ick\u00fdm krajom","publisher":{"@id":"https:\/\/www.kosiceregion.com\/#organization"},"potentialAction":[{"@type":"SearchAction","target":{"@type":"EntryPoint","urlTemplate":"https:\/\/www.kosiceregion.com\/?s={search_term_string}"},"query-input":{"@type":"PropertyValueSpecification","valueRequired":true,"valueName":"search_term_string"}}],"inLanguage":"sk-SK"},{"@type":"Organization","@id":"https:\/\/www.kosiceregion.com\/#organization","name":"Ko\u0161ice Regi\u00f3n Turizmus","url":"https:\/\/www.kosiceregion.com\/","logo":{"@type":"ImageObject","inLanguage":"sk-SK","@id":"https:\/\/www.kosiceregion.com\/#\/schema\/logo\/image\/","url":"https:\/\/www.kosiceregion.com\/wp-content\/uploads\/2019\/03\/logo-web-sk.png","contentUrl":"https:\/\/www.kosiceregion.com\/wp-content\/uploads\/2019\/03\/logo-web-sk.png","width":225,"height":100,"caption":"Ko\u0161ice Regi\u00f3n Turizmus"},"image":{"@id":"https:\/\/www.kosiceregion.com\/#\/schema\/logo\/image\/"},"sameAs":["https:\/\/www.facebook.com\/kosiceregion","https:\/\/x.com\/KOSICEREGION","https:\/\/www.instagram.com\/kosiceregion","https:\/\/www.youtube.com\/kosiceregion"]}]}},"_links":{"self":[{"href":"https:\/\/www.kosiceregion.com\/sk\/wp-json\/wp\/v2\/pages\/3421","targetHints":{"allow":["GET"]}}],"collection":[{"href":"https:\/\/www.kosiceregion.com\/sk\/wp-json\/wp\/v2\/pages"}],"about":[{"href":"https:\/\/www.kosiceregion.com\/sk\/wp-json\/wp\/v2\/types\/page"}],"author":[{"embeddable":true,"href":"https:\/\/www.kosiceregion.com\/sk\/wp-json\/wp\/v2\/users\/1"}],"replies":[{"embeddable":true,"href":"https:\/\/www.kosiceregion.com\/sk\/wp-json\/wp\/v2\/comments?post=3421"}],"version-history":[{"count":5,"href":"https:\/\/www.kosiceregion.com\/sk\/wp-json\/wp\/v2\/pages\/3421\/revisions"}],"predecessor-version":[{"id":11485,"href":"https:\/\/www.kosiceregion.com\/sk\/wp-json\/wp\/v2\/pages\/3421\/revisions\/11485"}],"wp:featuredmedia":[{"embeddable":true,"href":"https:\/\/www.kosiceregion.com\/sk\/wp-json\/wp\/v2\/media\/3425"}],"wp:attachment":[{"href":"https:\/\/www.kosiceregion.com\/sk\/wp-json\/wp\/v2\/media?parent=3421"}],"wp:term":[{"taxonomy":"category","embeddable":true,"href":"https:\/\/www.kosiceregion.com\/sk\/wp-json\/wp\/v2\/categories?post=3421"},{"taxonomy":"post_tag","embeddable":true,"href":"https:\/\/www.kosiceregion.com\/sk\/wp-json\/wp\/v2\/tags?post=3421"}],"curies":[{"name":"wp","href":"https:\/\/api.w.org\/{rel}","templated":true}]}}